{"id":89,"date":"2018-02-15T08:44:10","date_gmt":"2018-02-15T08:44:10","guid":{"rendered":"http:\/\/www.colonia.tips\/?page_id=89"},"modified":"2018-04-20T11:52:16","modified_gmt":"2018-04-20T11:52:16","slug":"restaurants","status":"publish","type":"page","link":"https:\/\/www.colonia.tips\/?page_id=89","title":{"rendered":"Restaurants"},"content":{"rendered":"<div class=\"grid-plus-container grid-69f9f3f9e0cc9 post \"\n     id=\"69f9f3f9e0cc9\"\n     data-grid-name=\"restaurants\"\n     data-animation=\"none\">\n    <div class=\"grid-stack-container grid-plus-inner\"\n         data-ajax-url=\"https:\/\/www.colonia.tips\/wp-admin\/admin-ajax.php\"\n         data-grid-id=\"5ad9d44106d83\"\n         data-current-category=\"5\"\n         data-section-id=\"69f9f3f9e0cc9\"\n         data-gutter=\"10\"\n         data-columns=\"3\"\n         data-height-ratio=\"1\"\n         data-width-ratio=\"2\"\n         data-desktop-columns=\"3\"\n         data-tablet-columns=\"2\"\n         data-mobile-columns=\"1\"\n         data-layout-type=\"grid\"\n         data-fix-item-height=\"true\"\n         data-nonce=\"704976bc54\"\n    >\n        \n        <div class=\"grid-stack grid-stack-3\" data-layout=\"grid\"\n             style=\"height: 910px\">\n        <\/div>\n        <div class=\"grid-items\">\n                            <div class=\"item\" data-gs-x=\"0\"\n                     data-gs-y=\"0\"\n                     data-gs-width=\"1\"\n                     data-gs-height=\"23\"\n                     data-skin=\"thumbnail-icon-title-excerpt\"\n\n                     data-desktop-gs-x=\"0\"\n                     data-desktop-gs-y=\"0\"\n                     data-desktop-gs-width=\"1\"\n                     data-desktop-gs-height=\"23\"\n                     data-desktop-skin=\"thumbnail-icon-title-excerpt\"\n\n                     data-image-width=\"673\"\n                     data-image-height=\"422\"\n                >\n                    <div class=\"grid-post-item thumbnail-title\" data-post-info-class=\"post-info\">\n    <div class=\"thumbnail-image\" data-img=\"https:\/\/www.colonia.tips\/wp-content\/uploads\/2018\/02\/gospodaix_visitenkarte.jpg\">\n                    <img decoding=\"async\" src=\"https:\/\/www.colonia.tips\/wp-content\/uploads\/2018\/02\/gospodaix_visitenkarte.jpg\" alt=\"Gospodaix\" >\n                <div class=\"hover-outer transition-30\">\n                            <a href=\"https:\/\/www.colonia.tips\/?p=198\" title=\"Gospodaix\"><\/a>\n                        <div class=\"hover-inner transition-50\">\n                <div class=\"icon-groups\">\n                                            <a href=\"https:\/\/www.colonia.tips\/?p=198\" class=\"view-detail\" ><i class=\"fa fa-link\"><\/i><\/a>\n                                        <a href=\"javascript:;\" data-src=\"https:\/\/www.colonia.tips\/wp-content\/uploads\/2018\/02\/gospodaix_visitenkarte.jpg\" class=\"view-gallery\" data-post-id=\"198\"\n                       data-ajax-url=\"https:\/\/www.colonia.tips\/wp-admin\/admin-ajax.php?_wpnonce=559fba3300\"><i class=\"fa fa-search\"><\/i><\/a>\n                <\/div>\n            <\/div>\n        <\/div>\n    <\/div>\n    <div class=\"post-info\">\n                    <div class=\"title\">\n                                    <a href=\"https:\/\/www.colonia.tips\/?p=198\" title=\"Gospodaix\">Gospodaix<\/a>\n                            <\/div>\n                            <div class=\"excerpt\">Telefon: 0034 971 58 94 19 Anschrift: Sant Joan Evangelista 49 \u00d6ffnungszeiten: Donnerstag bis Dienstag von 11:00 &#8211; 23:00 K\u00fcche von 13:00 &#8211; 15:30 und 19:00 &#8211; 22:30 Mittwoch geschlossen. 3 Jahresfeier am 24.02.2018<\/div>\n            <\/div>\n<\/div>\n                <\/div>\n                                <div class=\"item\" data-gs-x=\"1\"\n                     data-gs-y=\"0\"\n                     data-gs-width=\"1\"\n                     data-gs-height=\"23\"\n                     data-skin=\"thumbnail-icon-title-excerpt\"\n\n                     data-desktop-gs-x=\"1\"\n                     data-desktop-gs-y=\"0\"\n                     data-desktop-gs-width=\"1\"\n                     data-desktop-gs-height=\"23\"\n                     data-desktop-skin=\"thumbnail-icon-title-excerpt\"\n\n                     data-image-width=\"1320\"\n                     data-image-height=\"380\"\n                >\n                    <div class=\"grid-post-item thumbnail-title\" data-post-info-class=\"post-info\">\n    <div class=\"thumbnail-image\" data-img=\"https:\/\/www.colonia.tips\/wp-content\/uploads\/2018\/02\/banner_pescador.jpg\">\n                    <img decoding=\"async\" src=\"https:\/\/www.colonia.tips\/wp-content\/uploads\/2018\/02\/banner_pescador.jpg\" alt=\"Pescador\" >\n                <div class=\"hover-outer transition-30\">\n                            <a href=\"https:\/\/www.colonia.tips\/?p=311\" title=\"Pescador\"><\/a>\n                        <div class=\"hover-inner transition-50\">\n                <div class=\"icon-groups\">\n                                            <a href=\"https:\/\/www.colonia.tips\/?p=311\" class=\"view-detail\" ><i class=\"fa fa-link\"><\/i><\/a>\n                                        <a href=\"javascript:;\" data-src=\"https:\/\/www.colonia.tips\/wp-content\/uploads\/2018\/02\/banner_pescador.jpg\" class=\"view-gallery\" data-post-id=\"311\"\n                       data-ajax-url=\"https:\/\/www.colonia.tips\/wp-admin\/admin-ajax.php?_wpnonce=559fba3300\"><i class=\"fa fa-search\"><\/i><\/a>\n                <\/div>\n            <\/div>\n        <\/div>\n    <\/div>\n    <div class=\"post-info\">\n                    <div class=\"title\">\n                                    <a href=\"https:\/\/www.colonia.tips\/?p=311\" title=\"Pescador\">Pescador<\/a>\n                            <\/div>\n                            <div class=\"excerpt\">Telefon: 0034971 58 95 36 Anschrift: Carrer de Sant Joan Evangelista 68<\/div>\n            <\/div>\n<\/div>\n                <\/div>\n                                <div class=\"item\" data-gs-x=\"2\"\n                     data-gs-y=\"0\"\n                     data-gs-width=\"1\"\n                     data-gs-height=\"23\"\n                     data-skin=\"thumbnail-icon-title-excerpt\"\n\n                     data-desktop-gs-x=\"2\"\n                     data-desktop-gs-y=\"0\"\n                     data-desktop-gs-width=\"1\"\n                     data-desktop-gs-height=\"23\"\n                     data-desktop-skin=\"thumbnail-icon-title-excerpt\"\n\n                     data-image-width=\"1320\"\n                     data-image-height=\"380\"\n                >\n                    <div class=\"grid-post-item thumbnail-title\" data-post-info-class=\"post-info\">\n    <div class=\"thumbnail-image\" data-img=\"https:\/\/www.colonia.tips\/wp-content\/uploads\/2018\/02\/banner_nautico.jpg\">\n                    <img decoding=\"async\" src=\"https:\/\/www.colonia.tips\/wp-content\/uploads\/2018\/02\/banner_nautico.jpg\" alt=\"del Nautico\" >\n                <div class=\"hover-outer transition-30\">\n                            <a href=\"https:\/\/www.colonia.tips\/?p=235\" title=\"del Nautico\"><\/a>\n                        <div class=\"hover-inner transition-50\">\n                <div class=\"icon-groups\">\n                                            <a href=\"https:\/\/www.colonia.tips\/?p=235\" class=\"view-detail\" ><i class=\"fa fa-link\"><\/i><\/a>\n                                        <a href=\"javascript:;\" data-src=\"https:\/\/www.colonia.tips\/wp-content\/uploads\/2018\/02\/banner_nautico.jpg\" class=\"view-gallery\" data-post-id=\"235\"\n                       data-ajax-url=\"https:\/\/www.colonia.tips\/wp-admin\/admin-ajax.php?_wpnonce=559fba3300\"><i class=\"fa fa-search\"><\/i><\/a>\n                <\/div>\n            <\/div>\n        <\/div>\n    <\/div>\n    <div class=\"post-info\">\n                    <div class=\"title\">\n                                    <a href=\"https:\/\/www.colonia.tips\/?p=235\" title=\"del Nautico\">del Nautico<\/a>\n                            <\/div>\n                            <div class=\"excerpt\">Telefon: 0034 971 58 90 09 Anschrift: Carrer Mollet 3 Dienstag geschlossen<\/div>\n            <\/div>\n<\/div>\n                <\/div>\n                                <div class=\"item\" data-gs-x=\"0\"\n                     data-gs-y=\"23\"\n                     data-gs-width=\"1\"\n                     data-gs-height=\"23\"\n                     data-skin=\"thumbnail-icon-title-excerpt\"\n\n                     data-desktop-gs-x=\"0\"\n                     data-desktop-gs-y=\"23\"\n                     data-desktop-gs-width=\"1\"\n                     data-desktop-gs-height=\"23\"\n                     data-desktop-skin=\"thumbnail-icon-title-excerpt\"\n\n                     data-image-width=\"1320\"\n                     data-image-height=\"380\"\n                >\n                    <div class=\"grid-post-item thumbnail-title\" data-post-info-class=\"post-info\">\n    <div class=\"thumbnail-image\" data-img=\"https:\/\/www.colonia.tips\/wp-content\/uploads\/2020\/09\/banner_acuarium_2.jpg\">\n                    <img decoding=\"async\" src=\"https:\/\/www.colonia.tips\/wp-content\/uploads\/2020\/09\/banner_acuarium_2.jpg\" alt=\"Acuarium Tapas Bar\" >\n                <div class=\"hover-outer transition-30\">\n                            <a href=\"https:\/\/www.colonia.tips\/?p=1557\" title=\"Acuarium Tapas Bar\"><\/a>\n                        <div class=\"hover-inner transition-50\">\n                <div class=\"icon-groups\">\n                                            <a href=\"https:\/\/www.colonia.tips\/?p=1557\" class=\"view-detail\" ><i class=\"fa fa-link\"><\/i><\/a>\n                                        <a href=\"javascript:;\" data-src=\"https:\/\/www.colonia.tips\/wp-content\/uploads\/2020\/09\/banner_acuarium_2.jpg\" class=\"view-gallery\" data-post-id=\"1557\"\n                       data-ajax-url=\"https:\/\/www.colonia.tips\/wp-admin\/admin-ajax.php?_wpnonce=559fba3300\"><i class=\"fa fa-search\"><\/i><\/a>\n                <\/div>\n            <\/div>\n        <\/div>\n    <\/div>\n    <div class=\"post-info\">\n                    <div class=\"title\">\n                                    <a href=\"https:\/\/www.colonia.tips\/?p=1557\" title=\"Acuarium Tapas Bar\">Acuarium Tapas Bar<\/a>\n                            <\/div>\n                            <div class=\"excerpt\">Telefon: 612 464 160 Anschrift: Carrer Sant Mateu 18 \u00d6ffnungszeiten: Mittwoch bis Montag: 11:30 &#8211; 16:00 und 19:00 bis Schlu\u00df Dienstag: Ruhetag &nbsp; &nbsp; &nbsp; &nbsp; &nbsp;<\/div>\n            <\/div>\n<\/div>\n                <\/div>\n                                <div class=\"item\" data-gs-x=\"1\"\n                     data-gs-y=\"23\"\n                     data-gs-width=\"1\"\n                     data-gs-height=\"23\"\n                     data-skin=\"thumbnail-icon-title-excerpt\"\n\n                     data-desktop-gs-x=\"1\"\n                     data-desktop-gs-y=\"23\"\n                     data-desktop-gs-width=\"1\"\n                     data-desktop-gs-height=\"23\"\n                     data-desktop-skin=\"thumbnail-icon-title-excerpt\"\n\n                     data-image-width=\"0\"\n                     data-image-height=\"0\"\n                >\n                    <div class=\"grid-post-item thumbnail-title\" data-post-info-class=\"post-info\">\n    <div class=\"thumbnail-image\" data-img=\"\">\n                <div class=\"hover-outer transition-30\">\n                            <a href=\"https:\/\/www.colonia.tips\/?p=1590\" title=\"TINKUNAKU\"><\/a>\n                        <div class=\"hover-inner transition-50\">\n                <div class=\"icon-groups\">\n                                            <a href=\"https:\/\/www.colonia.tips\/?p=1590\" class=\"view-detail\" ><i class=\"fa fa-link\"><\/i><\/a>\n                                        <a href=\"javascript:;\" data-src=\"\" class=\"view-gallery\" data-post-id=\"1590\"\n                       data-ajax-url=\"https:\/\/www.colonia.tips\/wp-admin\/admin-ajax.php?_wpnonce=559fba3300\"><i class=\"fa fa-search\"><\/i><\/a>\n                <\/div>\n            <\/div>\n        <\/div>\n    <\/div>\n    <div class=\"post-info\">\n                    <div class=\"title\">\n                                    <a href=\"https:\/\/www.colonia.tips\/?p=1590\" title=\"TINKUNAKU\">TINKUNAKU<\/a>\n                            <\/div>\n                            <div class=\"excerpt\">Telefon:\u00a0971 55 76 52 Anschrift: Can Metxo 43 43 \u00d6ffnungszeiten: &#8211; &nbsp; &nbsp; &nbsp; &nbsp; &nbsp; &nbsp; &nbsp;<\/div>\n            <\/div>\n<\/div>\n                <\/div>\n                                <div class=\"item\" data-gs-x=\"2\"\n                     data-gs-y=\"23\"\n                     data-gs-width=\"1\"\n                     data-gs-height=\"23\"\n                     data-skin=\"thumbnail-icon-title-excerpt\"\n\n                     data-desktop-gs-x=\"2\"\n                     data-desktop-gs-y=\"23\"\n                     data-desktop-gs-width=\"1\"\n                     data-desktop-gs-height=\"23\"\n                     data-desktop-skin=\"thumbnail-icon-title-excerpt\"\n\n                     data-image-width=\"1320\"\n                     data-image-height=\"380\"\n                >\n                    <div class=\"grid-post-item thumbnail-title\" data-post-info-class=\"post-info\">\n    <div class=\"thumbnail-image\" data-img=\"https:\/\/www.colonia.tips\/wp-content\/uploads\/2018\/02\/banner_sa-xarxa.png\">\n                    <img decoding=\"async\" src=\"https:\/\/www.colonia.tips\/wp-content\/uploads\/2018\/02\/banner_sa-xarxa.png\" alt=\"Sa Xarxa\" >\n                <div class=\"hover-outer transition-30\">\n                            <a href=\"https:\/\/www.colonia.tips\/?p=317\" title=\"Sa Xarxa\"><\/a>\n                        <div class=\"hover-inner transition-50\">\n                <div class=\"icon-groups\">\n                                            <a href=\"https:\/\/www.colonia.tips\/?p=317\" class=\"view-detail\" ><i class=\"fa fa-link\"><\/i><\/a>\n                                        <a href=\"javascript:;\" data-src=\"https:\/\/www.colonia.tips\/wp-content\/uploads\/2018\/02\/banner_sa-xarxa.png\" class=\"view-gallery\" data-post-id=\"317\"\n                       data-ajax-url=\"https:\/\/www.colonia.tips\/wp-admin\/admin-ajax.php?_wpnonce=559fba3300\"><i class=\"fa fa-search\"><\/i><\/a>\n                <\/div>\n            <\/div>\n        <\/div>\n    <\/div>\n    <div class=\"post-info\">\n                    <div class=\"title\">\n                                    <a href=\"https:\/\/www.colonia.tips\/?p=317\" title=\"Sa Xarxa\">Sa Xarxa<\/a>\n                            <\/div>\n                            <div class=\"excerpt\">Telefon: 0034 971 589 251 Anschrift: Paseo del Mar s\/n Email: reservierung@sa-xarxa.com Erleben Sie an einem lauen Sommerabend mit der Familie oder Freunden auf unserer Terrasse direkt am Meer den spektakul\u00e4ren Sonnenuntergang. Wenn die glutrote Sonne \u00fcber dem Tramuntana-Gebirge im weinfarbenen Meer der Bucht von Alcudia langsam versinkt, werden unsere G\u00e4ste diesen traumhaften Sehnsuchtsort nicht mehr vergessen. Denn mit exzellenten, [&hellip;]<\/div>\n            <\/div>\n<\/div>\n                <\/div>\n                                <div class=\"item\" data-gs-x=\"0\"\n                     data-gs-y=\"46\"\n                     data-gs-width=\"1\"\n                     data-gs-height=\"23\"\n                     data-skin=\"thumbnail-icon-title-excerpt\"\n\n                     data-desktop-gs-x=\"0\"\n                     data-desktop-gs-y=\"46\"\n                     data-desktop-gs-width=\"1\"\n                     data-desktop-gs-height=\"23\"\n                     data-desktop-skin=\"thumbnail-icon-title-excerpt\"\n\n                     data-image-width=\"1081\"\n                     data-image-height=\"622\"\n                >\n                    <div class=\"grid-post-item thumbnail-title\" data-post-info-class=\"post-info\">\n    <div class=\"thumbnail-image\" data-img=\"https:\/\/www.colonia.tips\/wp-content\/uploads\/2018\/02\/Es_mollet_aussen.jpg\">\n                    <img decoding=\"async\" src=\"https:\/\/www.colonia.tips\/wp-content\/uploads\/2018\/02\/Es_mollet_aussen.jpg\" alt=\"Es Mollet\" >\n                <div class=\"hover-outer transition-30\">\n                            <a href=\"https:\/\/www.colonia.tips\/?p=212\" title=\"Es Mollet\"><\/a>\n                        <div class=\"hover-inner transition-50\">\n                <div class=\"icon-groups\">\n                                            <a href=\"https:\/\/www.colonia.tips\/?p=212\" class=\"view-detail\" ><i class=\"fa fa-link\"><\/i><\/a>\n                                        <a href=\"javascript:;\" data-src=\"https:\/\/www.colonia.tips\/wp-content\/uploads\/2018\/02\/Es_mollet_aussen.jpg\" class=\"view-gallery\" data-post-id=\"212\"\n                       data-ajax-url=\"https:\/\/www.colonia.tips\/wp-admin\/admin-ajax.php?_wpnonce=559fba3300\"><i class=\"fa fa-search\"><\/i><\/a>\n                <\/div>\n            <\/div>\n        <\/div>\n    <\/div>\n    <div class=\"post-info\">\n                    <div class=\"title\">\n                                    <a href=\"https:\/\/www.colonia.tips\/?p=212\" title=\"Es Mollet\">Es Mollet<\/a>\n                            <\/div>\n                            <div class=\"excerpt\">Telefon: 0034 971 58 96 87 Anschrift: Carrer Mollet 5 \u00d6ffnungszeiten: Montag bis Freitag von\u00a008:30 bis 24:00 Samstag und Sonntag von 10:00 bis 24:00 Die K\u00fcche ist ganzt\u00e4gig ge\u00f6ffnet.<\/div>\n            <\/div>\n<\/div>\n                <\/div>\n                                <div class=\"item\" data-gs-x=\"1\"\n                     data-gs-y=\"46\"\n                     data-gs-width=\"1\"\n                     data-gs-height=\"23\"\n                     data-skin=\"thumbnail-icon-title-excerpt\"\n\n                     data-desktop-gs-x=\"1\"\n                     data-desktop-gs-y=\"46\"\n                     data-desktop-gs-width=\"1\"\n                     data-desktop-gs-height=\"23\"\n                     data-desktop-skin=\"thumbnail-icon-title-excerpt\"\n\n                     data-image-width=\"651\"\n                     data-image-height=\"379\"\n                >\n                    <div class=\"grid-post-item thumbnail-title\" data-post-info-class=\"post-info\">\n    <div class=\"thumbnail-image\" data-img=\"https:\/\/www.colonia.tips\/wp-content\/uploads\/2018\/07\/logo_bar_central.jpg\">\n                    <img decoding=\"async\" src=\"https:\/\/www.colonia.tips\/wp-content\/uploads\/2018\/07\/logo_bar_central.jpg\" alt=\"Centre Bar\" >\n                <div class=\"hover-outer transition-30\">\n                            <a href=\"https:\/\/www.colonia.tips\/?p=1395\" title=\"Centre Bar\"><\/a>\n                        <div class=\"hover-inner transition-50\">\n                <div class=\"icon-groups\">\n                                            <a href=\"https:\/\/www.colonia.tips\/?p=1395\" class=\"view-detail\" ><i class=\"fa fa-link\"><\/i><\/a>\n                                        <a href=\"javascript:;\" data-src=\"https:\/\/www.colonia.tips\/wp-content\/uploads\/2018\/07\/logo_bar_central.jpg\" class=\"view-gallery\" data-post-id=\"1395\"\n                       data-ajax-url=\"https:\/\/www.colonia.tips\/wp-admin\/admin-ajax.php?_wpnonce=559fba3300\"><i class=\"fa fa-search\"><\/i><\/a>\n                <\/div>\n            <\/div>\n        <\/div>\n    <\/div>\n    <div class=\"post-info\">\n                    <div class=\"title\">\n                                    <a href=\"https:\/\/www.colonia.tips\/?p=1395\" title=\"Centre Bar\">Centre Bar<\/a>\n                            <\/div>\n                            <div class=\"excerpt\">Telefon: 0034 971 829 077 Anschrift: c\/ Sant Mateu No 16 \u00d6ffnungszeiten: Montag bis Samstag von\u00a006:30 bis 15:00 Uhr &nbsp; &nbsp; &nbsp; &nbsp; &nbsp;<\/div>\n            <\/div>\n<\/div>\n                <\/div>\n                                <div class=\"item\" data-gs-x=\"2\"\n                     data-gs-y=\"46\"\n                     data-gs-width=\"1\"\n                     data-gs-height=\"23\"\n                     data-skin=\"thumbnail-icon-title-excerpt\"\n\n                     data-desktop-gs-x=\"2\"\n                     data-desktop-gs-y=\"46\"\n                     data-desktop-gs-width=\"1\"\n                     data-desktop-gs-height=\"23\"\n                     data-desktop-skin=\"thumbnail-icon-title-excerpt\"\n\n                     data-image-width=\"1320\"\n                     data-image-height=\"380\"\n                >\n                    <div class=\"grid-post-item thumbnail-title\" data-post-info-class=\"post-info\">\n    <div class=\"thumbnail-image\" data-img=\"https:\/\/www.colonia.tips\/wp-content\/uploads\/2018\/02\/banner_2018_esvivers.jpg\">\n                    <img decoding=\"async\" src=\"https:\/\/www.colonia.tips\/wp-content\/uploads\/2018\/02\/banner_2018_esvivers.jpg\" alt=\"Es Vivers\" >\n                <div class=\"hover-outer transition-30\">\n                            <a href=\"https:\/\/www.colonia.tips\/?p=1352\" title=\"Es Vivers\"><\/a>\n                        <div class=\"hover-inner transition-50\">\n                <div class=\"icon-groups\">\n                                            <a href=\"https:\/\/www.colonia.tips\/?p=1352\" class=\"view-detail\" ><i class=\"fa fa-link\"><\/i><\/a>\n                                        <a href=\"javascript:;\" data-src=\"https:\/\/www.colonia.tips\/wp-content\/uploads\/2018\/02\/banner_2018_esvivers.jpg\" class=\"view-gallery\" data-post-id=\"1352\"\n                       data-ajax-url=\"https:\/\/www.colonia.tips\/wp-admin\/admin-ajax.php?_wpnonce=559fba3300\"><i class=\"fa fa-search\"><\/i><\/a>\n                <\/div>\n            <\/div>\n        <\/div>\n    <\/div>\n    <div class=\"post-info\">\n                    <div class=\"title\">\n                                    <a href=\"https:\/\/www.colonia.tips\/?p=1352\" title=\"Es Vivers\">Es Vivers<\/a>\n                            <\/div>\n                            <div class=\"excerpt\">Telefon: 0034 971 58 94 78 Anschrift: Paseo Mar\u00edtimo Willkommen Gerne begr\u00fc\u00dfen wir Sie in unserem Restaurant \u201ees vivers\u201c direkt am Meer. Genie\u00dfen Sie in gem\u00fctlicher Atmosph\u00e4re Marios mediterrane K\u00f6stlichkeiten. Salzige Luft, Meeresrauschen und ein \u201eo sole mio\u201c aus der K\u00fcche versetzen Sie innerhalb weniger Minuten in Urlaubsstimmung. Wir bieten Ihnen t\u00e4glich wechselnde, saisonale marktfrische Angebote an Antipasti, Pasta, Fisch [&hellip;]<\/div>\n            <\/div>\n<\/div>\n                <\/div>\n                        <\/div>\n\n            <\/div>\n<\/div>\n\n","protected":false},"excerpt":{"rendered":"","protected":false},"author":1,"featured_media":0,"parent":0,"menu_order":0,"comment_status":"closed","ping_status":"closed","template":"","meta":{"rating_form_position":"","rating_results_position":"","mr_structured_data_type":"","footnotes":""},"class_list":["post-89","page","type-page","status-publish","hentry"],"aioseo_notices":[],"multi-rating":{"mr_rating_results":[]},"_links":{"self":[{"href":"https:\/\/www.colonia.tips\/index.php?rest_route=\/wp\/v2\/pages\/89","targetHints":{"allow":["GET"]}}],"collection":[{"href":"https:\/\/www.colonia.tips\/index.php?rest_route=\/wp\/v2\/pages"}],"about":[{"href":"https:\/\/www.colonia.tips\/index.php?rest_route=\/wp\/v2\/types\/page"}],"author":[{"embeddable":true,"href":"https:\/\/www.colonia.tips\/index.php?rest_route=\/wp\/v2\/users\/1"}],"replies":[{"embeddable":true,"href":"https:\/\/www.colonia.tips\/index.php?rest_route=%2Fwp%2Fv2%2Fcomments&post=89"}],"version-history":[{"count":3,"href":"https:\/\/www.colonia.tips\/index.php?rest_route=\/wp\/v2\/pages\/89\/revisions"}],"predecessor-version":[{"id":955,"href":"https:\/\/www.colonia.tips\/index.php?rest_route=\/wp\/v2\/pages\/89\/revisions\/955"}],"wp:attachment":[{"href":"https:\/\/www.colonia.tips\/index.php?rest_route=%2Fwp%2Fv2%2Fmedia&parent=89"}],"curies":[{"name":"wp","href":"https:\/\/api.w.org\/{rel}","templated":true}]}}