{"id":237,"date":"2018-02-18T18:19:49","date_gmt":"2018-02-18T18:19:49","guid":{"rendered":"http:\/\/www.colonia.tips\/?page_id=237"},"modified":"2018-02-18T18:24:17","modified_gmt":"2018-02-18T18:24:17","slug":"marina","status":"publish","type":"page","link":"https:\/\/www.colonia.tips\/?page_id=237","title":{"rendered":"Marina"},"content":{"rendered":"<p><img loading=\"lazy\" decoding=\"async\" class=\"alignright size-full wp-image-238\" src=\"http:\/\/www.colonia.tips\/wp-content\/uploads\/2018\/02\/19.jpg\" alt=\"\" width=\"250\" height=\"188\" \/>Telefon: 0034 971 58 91 18<\/p>\n<p>Anschrift: Passeig de la Mar<\/p>\n<p>Der Nautische Club der Col\u00f2nia de Sant Pere ist eine gemeinn\u00fctzige Organisation, die seit 1968 die Hafenanlagen in der Gemeinde Art\u00e0 auf der Insel Mallorca verwaltet.<\/p>\n<p>Der Club verf\u00fcgt \u00fcber einen Hafenbereich mit 308 Liegepl\u00e4tzen, Trockendock, Seemannswerkstatt, Tankstelle und Gr\u00fcnabfallsammelstelle.<span class=\"notranslate\">Im Bereich der B\u00fcros befinden sich die Verwaltungsb\u00fcros, Tagungsr\u00e4ume, die Segelschule, Umkleider\u00e4ume und Duschen sowie eine Cafeteria-Kantine.<\/span><\/p>\n<p><span class=\"notranslate\"><img loading=\"lazy\" decoding=\"async\" class=\"alignright size-full wp-image-241\" src=\"http:\/\/www.colonia.tips\/wp-content\/uploads\/2018\/02\/oficina.jpg\" alt=\"\" width=\"180\" height=\"135\" \/>Wir m\u00f6chten unseren Nutzern einen qualitativ hochwertigen Hafenservice und -management bieten, basierend auf kontinuierlicher Verbesserung und korrektem Umweltmanagement, das uns hilft, die nat\u00fcrliche Umgebung, in der sich der Club befindet, in der N\u00e4he des Meeresschutzgebietes Llevant de Mallorca zu erhalten.<\/span><\/p>\n<p>B\u00fcrobereich, in dem sich die Verwaltung befindet, B\u00fcros, Umkleider\u00e4ume und Duschen, Besprechungsr\u00e4ume und eine Kantine-Cafeteria.<\/p>\n","protected":false},"excerpt":{"rendered":"<p>Telefon: 0034 971 58 91 18 Anschrift: Passeig de la Mar Der Nautische Club der Col\u00f2nia de Sant Pere ist eine gemeinn\u00fctzige Organisation, die seit 1968 die Hafenanlagen in der Gemeinde Art\u00e0 auf der Insel Mallorca verwaltet. Der Club verf\u00fcgt \u00fcber einen Hafenbereich mit 308 Liegepl\u00e4tzen, Trockendock, Seemannswerkstatt, Tankstelle und Gr\u00fcnabfallsammelstelle.Im Bereich der B\u00fcros befinden sich die Verwaltungsb\u00fcros, Tagungsr\u00e4ume, die [&hellip;]<\/p>\n","protected":false},"author":1,"featured_media":0,"parent":0,"menu_order":0,"comment_status":"closed","ping_status":"closed","template":"","meta":{"rating_form_position":"","rating_results_position":"","mr_structured_data_type":"","footnotes":""},"class_list":["post-237","page","type-page","status-publish","hentry"],"aioseo_notices":[],"multi-rating":{"mr_rating_results":[]},"_links":{"self":[{"href":"https:\/\/www.colonia.tips\/index.php?rest_route=\/wp\/v2\/pages\/237","targetHints":{"allow":["GET"]}}],"collection":[{"href":"https:\/\/www.colonia.tips\/index.php?rest_route=\/wp\/v2\/pages"}],"about":[{"href":"https:\/\/www.colonia.tips\/index.php?rest_route=\/wp\/v2\/types\/page"}],"author":[{"embeddable":true,"href":"https:\/\/www.colonia.tips\/index.php?rest_route=\/wp\/v2\/users\/1"}],"replies":[{"embeddable":true,"href":"https:\/\/www.colonia.tips\/index.php?rest_route=%2Fwp%2Fv2%2Fcomments&post=237"}],"version-history":[{"count":3,"href":"https:\/\/www.colonia.tips\/index.php?rest_route=\/wp\/v2\/pages\/237\/revisions"}],"predecessor-version":[{"id":242,"href":"https:\/\/www.colonia.tips\/index.php?rest_route=\/wp\/v2\/pages\/237\/revisions\/242"}],"wp:attachment":[{"href":"https:\/\/www.colonia.tips\/index.php?rest_route=%2Fwp%2Fv2%2Fmedia&parent=237"}],"curies":[{"name":"wp","href":"https:\/\/api.w.org\/{rel}","templated":true}]}}