{"id":2,"date":"2016-05-10T03:48:21","date_gmt":"2016-05-10T03:48:21","guid":{"rendered":"http:\/\/www.colonia.tips\/?page_id=2"},"modified":"2020-09-21T18:02:03","modified_gmt":"2020-09-21T18:02:03","slug":"sample-page","status":"publish","type":"page","link":"https:\/\/www.colonia.tips\/","title":{"rendered":"HOME"},"content":{"rendered":"<p><strong>Herzlich Willkommen bei COLONIA.tips.<\/strong><\/p>\n<p>Bei uns erhalten Sie tagesaktuelle Tipps f\u00fcr Ihren Aufenthalt in unserem sch\u00f6nen Dorf.<\/p>\n<p>Ob\u00a0Veranstaltungen, Events, besondere Angebote unserer Gastronomen oder anderer Unternehmen aber nat\u00fcrlich auch n\u00fctzliche Informationen die Ihnen den Urlaub versch\u00f6nern, bzw. dabei helfen sollen ein Problem zu l\u00f6sen.<\/p>\n<p>Weiters werden wir Ihnen Tipps und Empfehlungen rund um Colonia liefern.<\/p>\n<p>&nbsp;<\/p>\n<p><img loading=\"lazy\" decoding=\"async\" class=\"size-medium wp-image-804 alignleft\" src=\"http:\/\/www.colonia.tips\/wp-content\/uploads\/2018\/03\/werbung_deutsch_sw-300x254.png\" alt=\"\" width=\"300\" height=\"254\" srcset=\"https:\/\/www.colonia.tips\/wp-content\/uploads\/2018\/03\/werbung_deutsch_sw-300x254.png 300w, https:\/\/www.colonia.tips\/wp-content\/uploads\/2018\/03\/werbung_deutsch_sw-600x509.png 600w, https:\/\/www.colonia.tips\/wp-content\/uploads\/2018\/03\/werbung_deutsch_sw-768x651.png 768w, https:\/\/www.colonia.tips\/wp-content\/uploads\/2018\/03\/werbung_deutsch_sw.png 843w\" sizes=\"auto, (max-width: 300px) 100vw, 300px\" \/><\/p>","protected":false},"excerpt":{"rendered":"<p>Herzlich Willkommen bei COLONIA.tips. Bei uns erhalten Sie tagesaktuelle Tipps f\u00fcr Ihren Aufenthalt in unserem sch\u00f6nen Dorf. Ob\u00a0Veranstaltungen, Events, besondere Angebote unserer Gastronomen oder anderer Unternehmen aber nat\u00fcrlich auch n\u00fctzliche Informationen die Ihnen den Urlaub versch\u00f6nern, bzw. dabei helfen sollen ein Problem zu l\u00f6sen. Weiters werden wir Ihnen Tipps und Empfehlungen rund um Colonia liefern. &nbsp;<\/p>\n","protected":false},"author":1,"featured_media":0,"parent":0,"menu_order":0,"comment_status":"closed","ping_status":"closed","template":"template-slider.php","meta":{"rating_form_position":"","rating_results_position":"","mr_structured_data_type":"","footnotes":""},"class_list":["post-2","page","type-page","status-publish","hentry"],"aioseo_notices":[],"multi-rating":{"mr_rating_results":[]},"_links":{"self":[{"href":"https:\/\/www.colonia.tips\/index.php?rest_route=\/wp\/v2\/pages\/2","targetHints":{"allow":["GET"]}}],"collection":[{"href":"https:\/\/www.colonia.tips\/index.php?rest_route=\/wp\/v2\/pages"}],"about":[{"href":"https:\/\/www.colonia.tips\/index.php?rest_route=\/wp\/v2\/types\/page"}],"author":[{"embeddable":true,"href":"https:\/\/www.colonia.tips\/index.php?rest_route=\/wp\/v2\/users\/1"}],"replies":[{"embeddable":true,"href":"https:\/\/www.colonia.tips\/index.php?rest_route=%2Fwp%2Fv2%2Fcomments&post=2"}],"version-history":[{"count":100,"href":"https:\/\/www.colonia.tips\/index.php?rest_route=\/wp\/v2\/pages\/2\/revisions"}],"predecessor-version":[{"id":1641,"href":"https:\/\/www.colonia.tips\/index.php?rest_route=\/wp\/v2\/pages\/2\/revisions\/1641"}],"wp:attachment":[{"href":"https:\/\/www.colonia.tips\/index.php?rest_route=%2Fwp%2Fv2%2Fmedia&parent=2"}],"curies":[{"name":"wp","href":"https:\/\/api.w.org\/{rel}","templated":true}]}}